{"id":92,"date":"2016-04-04T08:30:05","date_gmt":"2016-04-04T08:30:05","guid":{"rendered":"http:\/\/demo.yolotheme.com\/dummy\/sofani\/?page_id=92"},"modified":"2024-12-01T21:31:27","modified_gmt":"2024-12-01T18:31:27","slug":"contact-us","status":"publish","type":"page","link":"https:\/\/www.verhoomorahimi.com\/index.php\/contact-us\/","title":{"rendered":"Contact Us"},"content":{"rendered":"<div class=\"wpb-content-wrapper\"><p>[vc_row][vc_column width=&#8221;10\/12&#8243;][vc_separator border_width=&#8221;2&#8243; css=&#8221;&#8221;][vc_empty_space][vc_row_inner css=&#8221;.vc_custom_1461576766331{margin-top: -8% !important;padding-top: 5% !important;padding-right: 3% !important;padding-left: 3% !important;background-color: #ffffff !important;}&#8221;][vc_column_inner width=&#8221;1\/3&#8243; css=&#8221;.vc_custom_1461576220826{padding-top: 0px !important;}&#8221;][vc_column_text css=&#8221;.vc_custom_1719006453520{padding-top: 5% !important;}&#8221;]-[\/vc_column_text][\/vc_column_inner][vc_column_inner width=&#8221;1\/3&#8243;][vc_custom_heading text=&#8221;YHTEYS TIEDOT&#8221; font_container=&#8221;tag:h2|text_align:center|color:%233f3f3f&#8221; use_theme_fonts=&#8221;yes&#8221; css=&#8221;.vc_custom_1719007394394{padding-left: 8% !important;}&#8221; font_weight=&#8221;&#8221;][\/vc_column_inner][vc_column_inner width=&#8221;1\/3&#8243;][\/vc_column_inner][\/vc_row_inner][vc_empty_space][vc_separator border_width=&#8221;2&#8243; css=&#8221;&#8221;][vc_empty_space][vc_row_inner css=&#8221;.vc_custom_1461576773208{padding-top: 3% !important;padding-right: 3% !important;padding-left: 3% !important;}&#8221;][vc_column_inner width=&#8221;1\/3&#8243;][vc_single_image image=&#8221;3220&#8243; alignment=&#8221;center&#8221; css=&#8221;&#8221;][vc_separator css=&#8221;&#8221;][vc_column_text css=&#8221;&#8221;]<\/p>\n<h4 style=\"text-align: center;\"><strong>Merivalkama 1\u060c 02320 Espoo<\/strong><\/h4>\n<p>[\/vc_column_text][\/vc_column_inner][vc_column_inner width=&#8221;1\/3&#8243;][vc_single_image image=&#8221;3222&#8243; alignment=&#8221;center&#8221; css=&#8221;&#8221;][vc_separator css=&#8221;&#8221;][vc_column_text css=&#8221;&#8221;]<\/p>\n<h4 style=\"text-align: center;\"><strong>+358 40 373 8118<\/strong><\/h4>\n<p>[\/vc_column_text][\/vc_column_inner][vc_column_inner width=&#8221;1\/3&#8243;][vc_single_image image=&#8221;3221&#8243; alignment=&#8221;center&#8221; css=&#8221;&#8221;][vc_separator css=&#8221;&#8221;][vc_column_text css=&#8221;&#8221;]<\/p>\n<div class=\"vc_row wpb_row vc_inner vc_row-fluid vc_custom_1461576773208\">\n<div class=\"wpb_column vc_column_container vc_col-sm-4\">\n<div class=\"vc_column-inner\">\n<div class=\"wpb_wrapper\">\n<div class=\" \">\n<div class=\"style_4 icon-box-shortcode-wrap\">\n<div class=\"icon-box-container\">\n<div class=\"icon-content\">\n<h4 class=\"icon-description\" style=\"text-align: center;\"><strong>info@verhoomorahimi.com<\/strong><\/h4>\n<\/div>\n<\/div>\n<\/div>\n<\/div>\n<\/div>\n<\/div>\n<\/div>\n<\/div>\n<div class=\"vc_row wpb_row vc_inner vc_row-fluid vc_custom_1461576773208\">\n<div class=\"wpb_column vc_column_container vc_col-sm-4\">\n<div class=\"vc_column-inner\">\n<h4 class=\"wpb_wrapper\" style=\"text-align: center;\"><\/h4>\n<\/div>\n<\/div>\n<\/div>\n<p>[\/vc_column_text][\/vc_column_inner][\/vc_row_inner][vc_row_inner css=&#8221;.vc_custom_1461576840058{padding-top: 5% !important;padding-right: 3% !important;padding-left: 3% !important;}&#8221;][vc_column_inner][vc_single_image image=&#8221;2907&#8243; img_size=&#8221;&#8221; alignment=&#8221;center&#8221; css=&#8221;&#8221;][\/vc_column_inner][\/vc_row_inner][\/vc_column][vc_column width=&#8221;1\/12&#8243;][\/vc_column][\/vc_row][vc_row][vc_column width=&#8221;1\/12&#8243;][\/vc_column][vc_column width=&#8221;10\/12&#8243;][vc_row_inner css=&#8221;.vc_custom_1461396162817{padding-right: 3% !important;padding-left: 3% !important;}&#8221; el_class=&#8221;contact-us&#8221;][vc_column_inner][vc_custom_heading text=&#8221;L\u00c4HET\u00c4 VIESTI&#8221; font_container=&#8221;tag:h2|text_align:left|color:%233f3f3f&#8221; use_theme_fonts=&#8221;yes&#8221; css=&#8221;.vc_custom_1719007190730{margin-top: 8% !important;margin-bottom: 3% !important;padding-left: 8% !important;}&#8221; font_weight=&#8221;&#8221;][\/vc_column_inner][\/vc_row_inner][vc_row_inner css=&#8221;.vc_custom_1461574500232{margin-bottom: 10% !important;padding-top: 1% !important;padding-right: 3% !important;padding-left: 3% !important;}&#8221;][vc_column_inner offset=&#8221;vc_col-lg-8 vc_col-md-8 vc_col-xs-12&#8243;]\n<div class=\"wpcf7 no-js\" id=\"wpcf7-f6-o1\" lang=\"en-US\" dir=\"ltr\" data-wpcf7-id=\"6\">\n<div class=\"screen-reader-response\"><p role=\"status\" aria-live=\"polite\" aria-atomic=\"true\"><\/p> <ul><\/ul><\/div>\n<form action=\"\/index.php\/wp-json\/wp\/v2\/pages\/92#wpcf7-f6-o1\" method=\"post\" class=\"wpcf7-form init\" aria-label=\"Contact form\" novalidate=\"novalidate\" data-status=\"init\">\n<fieldset class=\"hidden-fields-container\"><input type=\"hidden\" name=\"_wpcf7\" value=\"6\" \/><input type=\"hidden\" name=\"_wpcf7_version\" value=\"6.1.5\" \/><input type=\"hidden\" name=\"_wpcf7_locale\" value=\"en_US\" \/><input type=\"hidden\" name=\"_wpcf7_unit_tag\" value=\"wpcf7-f6-o1\" \/><input type=\"hidden\" name=\"_wpcf7_container_post\" value=\"0\" \/><input type=\"hidden\" name=\"_wpcf7_posted_data_hash\" value=\"\" \/>\n<\/fieldset>\n<h6>Nimi *\n<\/h6>\n<p><span class=\"wpcf7-form-control-wrap\" data-name=\"your-name\"><input size=\"40\" maxlength=\"400\" class=\"wpcf7-form-control wpcf7-text wpcf7-validates-as-required\" aria-required=\"true\" aria-invalid=\"false\" placeholder=\"kirjoita nimesi\" value=\"\" type=\"text\" name=\"your-name\" \/><\/span>\n<\/p>\n<h6>S\u00e4hk\u00f6posti *\n<\/h6>\n<p><span class=\"wpcf7-form-control-wrap\" data-name=\"your-email\"><input size=\"40\" maxlength=\"400\" class=\"wpcf7-form-control wpcf7-email wpcf7-validates-as-required wpcf7-text wpcf7-validates-as-email\" aria-required=\"true\" aria-invalid=\"false\" placeholder=\"kirjoita t\u00e4h\u00e4n s\u00e4hk\u00f6postisi\" value=\"\" type=\"email\" name=\"your-email\" \/><\/span>\n<\/p>\n<h6>Viesti\n<\/h6>\n<p><span class=\"wpcf7-form-control-wrap\" data-name=\"your-message\"><textarea cols=\"40\" rows=\"10\" maxlength=\"2000\" class=\"wpcf7-form-control wpcf7-textarea\" aria-invalid=\"false\" name=\"your-message\"><\/textarea><\/span>\n<\/p>\n<p><input class=\"wpcf7-form-control wpcf7-submit has-spinner\" type=\"submit\" value=\"L\u00e4het\u00e4 viesti\u00e4\" \/>\n<\/p><div class=\"wpcf7-response-output\" aria-hidden=\"true\"><\/div>\n<\/form>\n<\/div>\n[\/vc_column_inner][vc_column_inner el_class=&#8221;desc-contact-us&#8221; width=&#8221;1\/3&#8243; css=&#8221;.vc_custom_1463197209877{margin-top: 12% !important;padding-top: 8% !important;padding-right: 8% !important;padding-bottom: 8% !important;padding-left: 8% !important;background-color: #f6f6f6 !important;}&#8221; offset=&#8221;vc_col-lg-4 vc_col-md-4 vc_hidden-sm vc_hidden-xs&#8221;][vc_column_text css=&#8221;.vc_custom_1721810383254{padding-top: 3% !important;padding-right: 3% !important;padding-bottom: 3% !important;padding-left: 3% !important;}&#8221;]Olen Reza Rahimi, huonekalu- ja ajoneuvoverhoilija toisessa polvessa. Noin 20 vuotta sitten aloitin kokop\u00e4iv\u00e4toimisesti ty\u00f6skennell\u00e4 verhoilijana, mutta jo pikkupojasta asti viihdyin is\u00e4n verstaalla ja autoin h\u00e4nt\u00e4. Nyt olen Espoossa toiminut itsen\u00e4isen\u00e4 yritt\u00e4j\u00e4n\u00e4 vuodesta 2019.[\/vc_column_text][\/vc_column_inner][\/vc_row_inner][\/vc_column][vc_column width=&#8221;1\/12&#8243;][\/vc_column][\/vc_row][vc_row][vc_column]                        <div class=\"  wpb_animate_when_almost_visible yolo-css-animation wpb_fadeInDown\" >\r\n                <div class=\"banner-shortcode-wrap style_3 effect_1\">\r\n\t<div class=\"banner-content\">\r\n                                    <div class=\"banner-overlay\">\r\n                    <div class=\"banner-title-wrap\">\r\n                        <h3 class=\"banner-title 69e8a1c80115f\" >verhoomorahimi<\/h3>\r\n                    <\/div>\r\n                <\/div>\r\n                                        <img loading=\"lazy\" decoding=\"async\" width=\"1920\" height=\"800\" src=\"https:\/\/www.verhoomorahimi.com\/wp-content\/uploads\/revslider\/home-sidebar\/bg8.jpg\" alt=\"verhoomorahimi\">\r\n                        <\/div>\r\n<\/div>\r\n            <\/div>\r\n                    [\/vc_column][\/vc_row]<\/p>\n<\/div>","protected":false},"excerpt":{"rendered":"<p>[vc_row][vc_column width=&#8221;10\/12&#8243;][vc_separator border_width=&#8221;2&#8243; css=&#8221;&#8221;][vc_empty_space][vc_row_inner css=&#8221;.vc_custom_1461576766331{margin-top: -8% !important;padding-top: 5% !important;padding-right: 3% !important;padding-left: 3% !important;background-color: #ffffff !important;}&#8221;][vc_column_inner width=&#8221;1\/3&#8243; css=&#8221;.vc_custom_1461576220826{padding-top: 0px !important;}&#8221;][vc_column_text css=&#8221;.vc_custom_1719006453520{padding-top: 5% !important;}&#8221;]-[\/vc_column_text][\/vc_column_inner][vc_column_inner width=&#8221;1\/3&#8243;][vc_custom_heading text=&#8221;YHTEYS TIEDOT&#8221; font_container=&#8221;tag:h2|text_align:center|color:%233f3f3f&#8221; use_theme_fonts=&#8221;yes&#8221; css=&#8221;.vc_custom_1719007394394{padding-left: 8% !important;}&#8221; font_weight=&#8221;&#8221;][\/vc_column_inner][vc_column_inner width=&#8221;1\/3&#8243;][\/vc_column_inner][\/vc_row_inner][vc_empty_space][vc_separator border_width=&#8221;2&#8243; css=&#8221;&#8221;][vc_empty_space][vc_row_inner css=&#8221;.vc_custom_1461576773208{padding-top: 3% !important;padding-right: 3% !important;padding-left: 3% !important;}&#8221;][vc_column_inner width=&#8221;1\/3&#8243;][vc_single_image image=&#8221;3220&#8243; alignment=&#8221;center&#8221; css=&#8221;&#8221;][vc_separator css=&#8221;&#8221;][vc_column_text css=&#8221;&#8221;] Merivalkama 1\u060c 02320 Espoo [\/vc_column_text][\/vc_column_inner][vc_column_inner width=&#8221;1\/3&#8243;][vc_single_image image=&#8221;3222&#8243; alignment=&#8221;center&#8221;&#8230;<\/p>\n","protected":false},"author":2,"featured_media":0,"parent":0,"menu_order":0,"comment_status":"closed","ping_status":"closed","template":"","meta":{"_glsr_average":0,"_glsr_ranking":0,"_glsr_reviews":0,"footnotes":""},"class_list":["post-92","page","type-page","status-publish","hentry"],"_links":{"self":[{"href":"https:\/\/www.verhoomorahimi.com\/index.php\/wp-json\/wp\/v2\/pages\/92","targetHints":{"allow":["GET"]}}],"collection":[{"href":"https:\/\/www.verhoomorahimi.com\/index.php\/wp-json\/wp\/v2\/pages"}],"about":[{"href":"https:\/\/www.verhoomorahimi.com\/index.php\/wp-json\/wp\/v2\/types\/page"}],"author":[{"embeddable":true,"href":"https:\/\/www.verhoomorahimi.com\/index.php\/wp-json\/wp\/v2\/users\/2"}],"replies":[{"embeddable":true,"href":"https:\/\/www.verhoomorahimi.com\/index.php\/wp-json\/wp\/v2\/comments?post=92"}],"version-history":[{"count":20,"href":"https:\/\/www.verhoomorahimi.com\/index.php\/wp-json\/wp\/v2\/pages\/92\/revisions"}],"predecessor-version":[{"id":3327,"href":"https:\/\/www.verhoomorahimi.com\/index.php\/wp-json\/wp\/v2\/pages\/92\/revisions\/3327"}],"wp:attachment":[{"href":"https:\/\/www.verhoomorahimi.com\/index.php\/wp-json\/wp\/v2\/media?parent=92"}],"curies":[{"name":"wp","href":"https:\/\/api.w.org\/{rel}","templated":true}]}}